{"id":440,"date":"2022-12-07T16:56:03","date_gmt":"2022-12-07T16:56:03","guid":{"rendered":"https:\/\/idemar.cl\/inicio\/Inicio\/?page_id=440"},"modified":"2023-09-13T12:32:13","modified_gmt":"2023-09-13T16:32:13","slug":"elaboracion-industrial-de-alimentos","status":"publish","type":"page","link":"https:\/\/idemar.cl\/inicio\/elaboracion-industrial-de-alimentos\/","title":{"rendered":"Elaboraci\u00f3n Industrial de Alimentos"},"content":{"rendered":"\t\t<div data-elementor-type=\"wp-page\" data-elementor-id=\"440\" class=\"elementor elementor-440\" data-elementor-post-type=\"page\">\n\t\t\t\t\t\t<section class=\"elementor-section elementor-top-section elementor-element elementor-element-ce5fb9e elementor-section-stretched elementor-section-height-min-height elementor-section-items-bottom elementor-reverse-mobile elementor-section-boxed elementor-section-height-default\" data-id=\"ce5fb9e\" data-element_type=\"section\" data-settings=\"{&quot;stretch_section&quot;:&quot;section-stretched&quot;,&quot;background_background&quot;:&quot;classic&quot;}\">\n\t\t\t\t\t\t<div class=\"elementor-container elementor-column-gap-default\">\n\t\t\t\t\t<div class=\"elementor-column elementor-col-50 elementor-top-column elementor-element elementor-element-352692a\" data-id=\"352692a\" data-element_type=\"column\" data-settings=\"{&quot;background_background&quot;:&quot;classic&quot;}\">\n\t\t\t<div class=\"elementor-widget-wrap elementor-element-populated\">\n\t\t\t\t\t\t<div class=\"elementor-element elementor-element-c929726 elementor-widget elementor-widget-heading\" data-id=\"c929726\" data-element_type=\"widget\" data-widget_type=\"heading.default\">\n\t\t\t\t<div class=\"elementor-widget-container\">\n\t\t\t<style>\/*! elementor - v3.20.0 - 26-03-2024 *\/\n.elementor-heading-title{padding:0;margin:0;line-height:1}.elementor-widget-heading .elementor-heading-title[class*=elementor-size-]>a{color:inherit;font-size:inherit;line-height:inherit}.elementor-widget-heading .elementor-heading-title.elementor-size-small{font-size:15px}.elementor-widget-heading .elementor-heading-title.elementor-size-medium{font-size:19px}.elementor-widget-heading .elementor-heading-title.elementor-size-large{font-size:29px}.elementor-widget-heading .elementor-heading-title.elementor-size-xl{font-size:39px}.elementor-widget-heading .elementor-heading-title.elementor-size-xxl{font-size:59px}<\/style><h2 class=\"elementor-heading-title elementor-size-default\">Elaboraci\u00f3n Industrial de Alimentos<\/h2>\t\t<\/div>\n\t\t\t\t<\/div>\n\t\t\t\t\t<\/div>\n\t\t<\/div>\n\t\t\t\t<div class=\"elementor-column elementor-col-50 elementor-top-column elementor-element elementor-element-6636f73\" data-id=\"6636f73\" data-element_type=\"column\">\n\t\t\t<div class=\"elementor-widget-wrap\">\n\t\t\t\t\t\t\t<\/div>\n\t\t<\/div>\n\t\t\t\t\t<\/div>\n\t\t<\/section>\n\t\t\t\t<section class=\"elementor-section elementor-top-section elementor-element elementor-element-e6e0cca elementor-section-boxed elementor-section-height-default elementor-section-height-default\" data-id=\"e6e0cca\" data-element_type=\"section\">\n\t\t\t\t\t\t<div class=\"elementor-container elementor-column-gap-default\">\n\t\t\t\t\t<div class=\"elementor-column elementor-col-50 elementor-top-column elementor-element elementor-element-e74311f\" data-id=\"e74311f\" data-element_type=\"column\">\n\t\t\t<div class=\"elementor-widget-wrap elementor-element-populated\">\n\t\t\t\t\t\t<div class=\"elementor-element elementor-element-861f0d0 elementor-widget elementor-widget-text-editor\" data-id=\"861f0d0\" data-element_type=\"widget\" data-widget_type=\"text-editor.default\">\n\t\t\t\t<div class=\"elementor-widget-container\">\n\t\t\t<style>\/*! elementor - v3.20.0 - 26-03-2024 *\/\n.elementor-widget-text-editor.elementor-drop-cap-view-stacked .elementor-drop-cap{background-color:#69727d;color:#fff}.elementor-widget-text-editor.elementor-drop-cap-view-framed .elementor-drop-cap{color:#69727d;border:3px solid;background-color:transparent}.elementor-widget-text-editor:not(.elementor-drop-cap-view-default) .elementor-drop-cap{margin-top:8px}.elementor-widget-text-editor:not(.elementor-drop-cap-view-default) .elementor-drop-cap-letter{width:1em;height:1em}.elementor-widget-text-editor .elementor-drop-cap{float:left;text-align:center;line-height:1;font-size:50px}.elementor-widget-text-editor .elementor-drop-cap-letter{display:inline-block}<\/style>\t\t\t\t<p><span style=\"font-weight: 400;\">La especialidad Elaboraci\u00f3n Industrial de Alimentos, impartida desde el a\u00f1o 2004 en el Instituto del Mar, prepara un Profesional T\u00e9cnico de Nivel Medio que cuenta con una s\u00f3lida formaci\u00f3n en higiene, manipulaci\u00f3n y elaboraci\u00f3n de alimentos, aseguramiento de la calidad, control y supervisi\u00f3n de procesos, manejo de equipos y herramientas que le permiten abordar e integrar eficientemente diferentes labores en la industria alimentaria.<\/span><\/p><p><span style=\"font-weight: 400;\">La especialidad funciona bajo la modalidad de Ense\u00f1anza Dual, que contempla el desarrollo de pr\u00e1cticas en las empresas. Gracias a importantes convenios con empresas asociadas a la producci\u00f3n de alimentos, los estudiantes desarrollan su actividad de formaci\u00f3n, tanto en el establecimiento como en la empresa.<\/span><\/p><p><span style=\"font-weight: 400;\">Los alumnos egresan preparados para desempe\u00f1arse en distintos roles en la industria, tales como, operarios calificados, controles de calidad, supervisores de procesos y controles de producci\u00f3n. Tambi\u00e9n se han explorado otros nichos laborales que ampl\u00edan las perspectivas de los alumnos egresados de la especialidad; es as\u00ed que los barcos factor\u00edas, cruceros y laboratorios se han convertido en una importante opci\u00f3n para el desarrollo profesional de nuestros egresados.<\/span><\/p>\t\t\t\t\t\t<\/div>\n\t\t\t\t<\/div>\n\t\t\t\t\t<\/div>\n\t\t<\/div>\n\t\t\t\t<div class=\"elementor-column elementor-col-50 elementor-top-column elementor-element elementor-element-246aae8\" data-id=\"246aae8\" data-element_type=\"column\">\n\t\t\t<div class=\"elementor-widget-wrap elementor-element-populated\">\n\t\t\t\t\t\t<div class=\"elementor-element elementor-element-ed8bd89 elementor-widget elementor-widget-image\" data-id=\"ed8bd89\" data-element_type=\"widget\" data-widget_type=\"image.default\">\n\t\t\t\t<div class=\"elementor-widget-container\">\n\t\t\t<style>\/*! elementor - v3.20.0 - 26-03-2024 *\/\n.elementor-widget-image{text-align:center}.elementor-widget-image a{display:inline-block}.elementor-widget-image a img[src$=\".svg\"]{width:48px}.elementor-widget-image img{vertical-align:middle;display:inline-block}<\/style>\t\t\t\t\t\t\t\t\t\t<img fetchpriority=\"high\" decoding=\"async\" width=\"800\" height=\"800\" src=\"https:\/\/idemar.cl\/inicio\/wp-content\/uploads\/2022\/12\/Industria-de-alimentos.jpeg\" class=\"attachment-large size-large wp-image-58\" alt=\"\" srcset=\"https:\/\/idemar.cl\/inicio\/wp-content\/uploads\/2022\/12\/Industria-de-alimentos.jpeg 2048w, https:\/\/idemar.cl\/inicio\/wp-content\/uploads\/2022\/12\/Industria-de-alimentos-500x500.jpeg 500w, https:\/\/idemar.cl\/inicio\/wp-content\/uploads\/2022\/12\/Industria-de-alimentos-300x300.jpeg 300w, https:\/\/idemar.cl\/inicio\/wp-content\/uploads\/2022\/12\/Industria-de-alimentos-768x768.jpeg 768w, https:\/\/idemar.cl\/inicio\/wp-content\/uploads\/2022\/12\/Industria-de-alimentos-1536x1536.jpeg 1536w\" sizes=\"(max-width: 800px) 100vw, 800px\" \/>\t\t\t\t\t\t\t\t\t\t\t\t\t<\/div>\n\t\t\t\t<\/div>\n\t\t\t\t\t<\/div>\n\t\t<\/div>\n\t\t\t\t\t<\/div>\n\t\t<\/section>\n\t\t\t\t<section class=\"elementor-section elementor-top-section elementor-element elementor-element-6033bfe elementor-section-boxed elementor-section-height-default elementor-section-height-default\" data-id=\"6033bfe\" data-element_type=\"section\">\n\t\t\t\t\t\t<div class=\"elementor-container elementor-column-gap-default\">\n\t\t\t\t\t<div class=\"elementor-column elementor-col-100 elementor-top-column elementor-element elementor-element-357b418\" data-id=\"357b418\" data-element_type=\"column\">\n\t\t\t<div class=\"elementor-widget-wrap elementor-element-populated\">\n\t\t\t\t\t\t<div class=\"elementor-element elementor-element-3b0a90d elementor-widget elementor-widget-shortcode\" data-id=\"3b0a90d\" data-element_type=\"widget\" data-widget_type=\"shortcode.default\">\n\t\t\t\t<div class=\"elementor-widget-container\">\n\t\t\t\t\t<div class=\"elementor-shortcode\"><iframe width='853' height='480' src='https:\/\/my.matterport.com\/show\/?m=pM4UbJJ7kuM' frameborder='0' allowfullscreen allow='xr-spatial-tracking'><\/iframe><\/div>\n\t\t\t\t<\/div>\n\t\t\t\t<\/div>\n\t\t\t\t\t<\/div>\n\t\t<\/div>\n\t\t\t\t\t<\/div>\n\t\t<\/section>\n\t\t\t\t<section class=\"elementor-section elementor-top-section elementor-element elementor-element-fba6d3f elementor-section-full_width elementor-section-content-middle elementor-section-height-default elementor-section-height-default\" data-id=\"fba6d3f\" data-element_type=\"section\">\n\t\t\t\t\t\t<div class=\"elementor-container elementor-column-gap-default\">\n\t\t\t\t\t<div class=\"elementor-column elementor-col-16 elementor-top-column elementor-element elementor-element-50a556b elementor-hidden-mobile\" data-id=\"50a556b\" data-element_type=\"column\" data-settings=\"{&quot;background_background&quot;:&quot;classic&quot;}\">\n\t\t\t<div class=\"elementor-widget-wrap\">\n\t\t\t\t\t\t\t<\/div>\n\t\t<\/div>\n\t\t\t\t<div class=\"elementor-column elementor-col-66 elementor-top-column elementor-element elementor-element-69df758\" data-id=\"69df758\" data-element_type=\"column\">\n\t\t\t<div class=\"elementor-widget-wrap elementor-element-populated\">\n\t\t\t\t\t\t<div class=\"elementor-element elementor-element-32bcb21 elementor-widget elementor-widget-heading\" data-id=\"32bcb21\" data-element_type=\"widget\" data-widget_type=\"heading.default\">\n\t\t\t\t<div class=\"elementor-widget-container\">\n\t\t\t<h2 class=\"elementor-heading-title elementor-size-default\">Otras especialidades\u00a0<\/h2>\t\t<\/div>\n\t\t\t\t<\/div>\n\t\t\t\t\t<\/div>\n\t\t<\/div>\n\t\t\t\t<div class=\"elementor-column elementor-col-16 elementor-top-column elementor-element elementor-element-efdd9f6\" data-id=\"efdd9f6\" data-element_type=\"column\">\n\t\t\t<div class=\"elementor-widget-wrap\">\n\t\t\t\t\t\t\t<\/div>\n\t\t<\/div>\n\t\t\t\t\t<\/div>\n\t\t<\/section>\n\t\t\t\t<section class=\"elementor-section elementor-top-section elementor-element elementor-element-d8071ea elementor-section-boxed elementor-section-height-default elementor-section-height-default\" data-id=\"d8071ea\" data-element_type=\"section\">\n\t\t\t\t\t\t<div class=\"elementor-container elementor-column-gap-default\">\n\t\t\t\t\t<div class=\"elementor-column elementor-col-33 elementor-top-column elementor-element elementor-element-760e3fd\" data-id=\"760e3fd\" data-element_type=\"column\">\n\t\t\t<div class=\"elementor-widget-wrap elementor-element-populated\">\n\t\t\t\t\t\t<div class=\"elementor-element elementor-element-527303f elementor-position-left elementor-vertical-align-middle elementor-mobile-position-left elementor-view-default elementor-widget elementor-widget-icon-box\" data-id=\"527303f\" data-element_type=\"widget\" data-widget_type=\"icon-box.default\">\n\t\t\t\t<div class=\"elementor-widget-container\">\n\t\t\t<link rel=\"stylesheet\" href=\"https:\/\/idemar.cl\/inicio\/wp-content\/plugins\/elementor\/assets\/css\/widget-icon-box.min.css\">\t\t<div class=\"elementor-icon-box-wrapper\">\n\t\t\t\t\t\t<div class=\"elementor-icon-box-icon\">\n\t\t\t\t<a href=\"https:\/\/idemar.cl\/inicio\/tripulacion-de-naves-mercantes-y-especiales\/\" class=\"elementor-icon elementor-animation-shrink\" tabindex=\"-1\">\n\t\t\t\t<i aria-hidden=\"true\" class=\"fas fa-anchor\"><\/i>\t\t\t\t<\/a>\n\t\t\t<\/div>\n\t\t\t\t\t\t<div class=\"elementor-icon-box-content\">\n\t\t\t\t<h3 class=\"elementor-icon-box-title\">\n\t\t\t\t\t<a href=\"https:\/\/idemar.cl\/inicio\/tripulacion-de-naves-mercantes-y-especiales\/\" >\n\t\t\t\t\t\tTripulaci\u00f3n de Naves Mercantes y Especiales\t\t\t\t\t<\/a>\n\t\t\t\t<\/h3>\n\t\t\t\t\t\t\t<\/div>\n\t\t<\/div>\n\t\t\t\t<\/div>\n\t\t\t\t<\/div>\n\t\t\t\t\t<\/div>\n\t\t<\/div>\n\t\t\t\t<div class=\"elementor-column elementor-col-33 elementor-top-column elementor-element elementor-element-d83497f\" data-id=\"d83497f\" data-element_type=\"column\">\n\t\t\t<div class=\"elementor-widget-wrap elementor-element-populated\">\n\t\t\t\t\t\t<div class=\"elementor-element elementor-element-fce00ae elementor-position-left elementor-vertical-align-middle elementor-widget__width-auto elementor-mobile-position-left elementor-view-default elementor-widget elementor-widget-icon-box\" data-id=\"fce00ae\" data-element_type=\"widget\" data-widget_type=\"icon-box.default\">\n\t\t\t\t<div class=\"elementor-widget-container\">\n\t\t\t\t\t<div class=\"elementor-icon-box-wrapper\">\n\t\t\t\t\t\t<div class=\"elementor-icon-box-icon\">\n\t\t\t\t<a href=\"https:\/\/idemar.cl\/inicio\/acuicultura\/\" class=\"elementor-icon elementor-animation-\" tabindex=\"-1\">\n\t\t\t\t<i aria-hidden=\"true\" class=\"fas fa-fish\"><\/i>\t\t\t\t<\/a>\n\t\t\t<\/div>\n\t\t\t\t\t\t<div class=\"elementor-icon-box-content\">\n\t\t\t\t<h3 class=\"elementor-icon-box-title\">\n\t\t\t\t\t<a href=\"https:\/\/idemar.cl\/inicio\/acuicultura\/\" >\n\t\t\t\t\t\tAcuicultura\t\t\t\t\t<\/a>\n\t\t\t\t<\/h3>\n\t\t\t\t\t\t\t<\/div>\n\t\t<\/div>\n\t\t\t\t<\/div>\n\t\t\t\t<\/div>\n\t\t\t\t\t<\/div>\n\t\t<\/div>\n\t\t\t\t<div class=\"elementor-column elementor-col-33 elementor-top-column elementor-element elementor-element-3fe8fc3\" data-id=\"3fe8fc3\" data-element_type=\"column\">\n\t\t\t<div class=\"elementor-widget-wrap elementor-element-populated\">\n\t\t\t\t\t\t<div class=\"elementor-element elementor-element-ffffb47 elementor-position-left elementor-vertical-align-middle elementor-widget__width-auto elementor-mobile-position-left elementor-view-default elementor-widget elementor-widget-icon-box\" data-id=\"ffffb47\" data-element_type=\"widget\" data-widget_type=\"icon-box.default\">\n\t\t\t\t<div class=\"elementor-widget-container\">\n\t\t\t\t\t<div class=\"elementor-icon-box-wrapper\">\n\t\t\t\t\t\t<div class=\"elementor-icon-box-icon\">\n\t\t\t\t<a href=\"https:\/\/idemar.cl\/inicio\/electricidad\/\" class=\"elementor-icon elementor-animation-\" tabindex=\"-1\">\n\t\t\t\t<i aria-hidden=\"true\" class=\"fas fa-bolt\"><\/i>\t\t\t\t<\/a>\n\t\t\t<\/div>\n\t\t\t\t\t\t<div class=\"elementor-icon-box-content\">\n\t\t\t\t<h3 class=\"elementor-icon-box-title\">\n\t\t\t\t\t<a href=\"https:\/\/idemar.cl\/inicio\/electricidad\/\" >\n\t\t\t\t\t\tElectricidad\t\t\t\t\t<\/a>\n\t\t\t\t<\/h3>\n\t\t\t\t\t\t\t<\/div>\n\t\t<\/div>\n\t\t\t\t<\/div>\n\t\t\t\t<\/div>\n\t\t\t\t\t<\/div>\n\t\t<\/div>\n\t\t\t\t\t<\/div>\n\t\t<\/section>\n\t\t\t\t<section class=\"elementor-section elementor-top-section elementor-element elementor-element-05606c0 elementor-section-full_width elementor-section-height-default elementor-section-height-default\" data-id=\"05606c0\" data-element_type=\"section\">\n\t\t\t\t\t\t<div class=\"elementor-container elementor-column-gap-default\">\n\t\t\t\t\t<div class=\"elementor-column elementor-col-16 elementor-top-column elementor-element elementor-element-3433ffb elementor-hidden-mobile\" data-id=\"3433ffb\" data-element_type=\"column\" data-settings=\"{&quot;background_background&quot;:&quot;classic&quot;}\">\n\t\t\t<div class=\"elementor-widget-wrap\">\n\t\t\t\t\t\t\t<\/div>\n\t\t<\/div>\n\t\t\t\t<div class=\"elementor-column elementor-col-66 elementor-top-column elementor-element elementor-element-53cf40c\" data-id=\"53cf40c\" data-element_type=\"column\">\n\t\t\t<div class=\"elementor-widget-wrap elementor-element-populated\">\n\t\t\t\t\t\t<div class=\"elementor-element elementor-element-9545a5e elementor-widget elementor-widget-heading\" data-id=\"9545a5e\" data-element_type=\"widget\" data-widget_type=\"heading.default\">\n\t\t\t\t<div class=\"elementor-widget-container\">\n\t\t\t<h2 class=\"elementor-heading-title elementor-size-default\">Noticias<\/h2>\t\t<\/div>\n\t\t\t\t<\/div>\n\t\t\t\t\t<\/div>\n\t\t<\/div>\n\t\t\t\t<div class=\"elementor-column elementor-col-16 elementor-top-column elementor-element elementor-element-e352c04\" data-id=\"e352c04\" data-element_type=\"column\">\n\t\t\t<div class=\"elementor-widget-wrap\">\n\t\t\t\t\t\t\t<\/div>\n\t\t<\/div>\n\t\t\t\t\t<\/div>\n\t\t<\/section>\n\t\t\t\t<section class=\"elementor-section elementor-top-section elementor-element elementor-element-d5b01a6 elementor-section-boxed elementor-section-height-default elementor-section-height-default\" data-id=\"d5b01a6\" data-element_type=\"section\">\n\t\t\t\t\t\t<div class=\"elementor-container elementor-column-gap-default\">\n\t\t\t\t\t<div class=\"elementor-column elementor-col-100 elementor-top-column elementor-element elementor-element-e170105\" data-id=\"e170105\" data-element_type=\"column\">\n\t\t\t<div class=\"elementor-widget-wrap elementor-element-populated\">\n\t\t\t\t\t\t<div class=\"elementor-element elementor-element-75405e8 elementor-grid-3 elementor-grid-tablet-2 elementor-grid-mobile-1 elementor-posts--thumbnail-top elementor-card-shadow-yes elementor-posts__hover-gradient elementor-widget elementor-widget-posts\" data-id=\"75405e8\" data-element_type=\"widget\" data-settings=\"{&quot;cards_columns&quot;:&quot;3&quot;,&quot;cards_columns_tablet&quot;:&quot;2&quot;,&quot;cards_columns_mobile&quot;:&quot;1&quot;,&quot;cards_row_gap&quot;:{&quot;unit&quot;:&quot;px&quot;,&quot;size&quot;:35,&quot;sizes&quot;:[]},&quot;cards_row_gap_tablet&quot;:{&quot;unit&quot;:&quot;px&quot;,&quot;size&quot;:&quot;&quot;,&quot;sizes&quot;:[]},&quot;cards_row_gap_mobile&quot;:{&quot;unit&quot;:&quot;px&quot;,&quot;size&quot;:&quot;&quot;,&quot;sizes&quot;:[]}}\" data-widget_type=\"posts.cards\">\n\t\t\t\t<div class=\"elementor-widget-container\">\n\t\t\t<link rel=\"stylesheet\" href=\"https:\/\/idemar.cl\/inicio\/wp-content\/plugins\/elementor-pro\/assets\/css\/widget-posts.min.css\">\t\t<div class=\"elementor-posts-container elementor-posts elementor-posts--skin-cards elementor-grid\">\n\t\t\t\t<article class=\"elementor-post elementor-grid-item post-4122 post type-post status-publish format-standard has-post-thumbnail hentry category-actividades\">\n\t\t\t<div class=\"elementor-post__card\">\n\t\t\t\t<a class=\"elementor-post__thumbnail__link\" href=\"https:\/\/idemar.cl\/inicio\/pasacalles-por-la-convivencia\/\" tabindex=\"-1\" ><div class=\"elementor-post__thumbnail\"><img decoding=\"async\" width=\"500\" height=\"355\" src=\"https:\/\/idemar.cl\/inicio\/wp-content\/uploads\/2026\/04\/Captura-de-pantalla-2026-04-30-120149-500x355.png\" class=\"attachment-medium size-medium wp-image-4124\" alt=\"\" srcset=\"https:\/\/idemar.cl\/inicio\/wp-content\/uploads\/2026\/04\/Captura-de-pantalla-2026-04-30-120149-500x355.png 500w, https:\/\/idemar.cl\/inicio\/wp-content\/uploads\/2026\/04\/Captura-de-pantalla-2026-04-30-120149-768x546.png 768w, https:\/\/idemar.cl\/inicio\/wp-content\/uploads\/2026\/04\/Captura-de-pantalla-2026-04-30-120149.png 844w\" sizes=\"(max-width: 500px) 100vw, 500px\" \/><\/div><\/a>\n\t\t\t\t<div class=\"elementor-post__badge\">Actividades<\/div>\n\t\t\t\t<div class=\"elementor-post__text\">\n\t\t\t\t<h3 class=\"elementor-post__title\">\n\t\t\t<a href=\"https:\/\/idemar.cl\/inicio\/pasacalles-por-la-convivencia\/\" >\n\t\t\t\tPasacalles por la Convivencia\t\t\t<\/a>\n\t\t<\/h3>\n\t\t\t\t<div class=\"elementor-post__excerpt\">\n\t\t\t<p>Pasacalles por la Convivencia En el marco del D\u00eda de la Convivencia Educativa, los estudiantes de IDEMAR participaron en un pasacalles lleno de alegr\u00eda, respeto<\/p>\n\t\t<\/div>\n\t\t\n\t\t<a class=\"elementor-post__read-more\" href=\"https:\/\/idemar.cl\/inicio\/pasacalles-por-la-convivencia\/\" aria-label=\"Read more about Pasacalles por la Convivencia\" tabindex=\"-1\" >\n\t\t\tLeer m\u00e1s \u00bb\t\t<\/a>\n\n\t\t\t\t<\/div>\n\t\t\t\t<div class=\"elementor-post__meta-data\">\n\t\t\t\t\t<span class=\"elementor-post-date\">\n\t\t\t29\/04\/2026\t\t<\/span>\n\t\t\t\t<span class=\"elementor-post-avatar\">\n\t\t\tSin Comentarios\t\t<\/span>\n\t\t\t\t<\/div>\n\t\t\t\t\t<\/div>\n\t\t<\/article>\n\t\t\t\t<article class=\"elementor-post elementor-grid-item post-4116 post type-post status-publish format-standard has-post-thumbnail hentry category-comunicado\">\n\t\t\t<div class=\"elementor-post__card\">\n\t\t\t\t<a class=\"elementor-post__thumbnail__link\" href=\"https:\/\/idemar.cl\/inicio\/inicio-de-funciones-para-el-centro-de-alumno\/\" tabindex=\"-1\" ><div class=\"elementor-post__thumbnail\"><img decoding=\"async\" width=\"338\" height=\"229\" src=\"https:\/\/idemar.cl\/inicio\/wp-content\/uploads\/2026\/04\/Captura-de-pantalla-2026-04-30-115035.png\" class=\"attachment-medium size-medium wp-image-4118\" alt=\"\" \/><\/div><\/a>\n\t\t\t\t<div class=\"elementor-post__badge\">Comunicado<\/div>\n\t\t\t\t<div class=\"elementor-post__text\">\n\t\t\t\t<h3 class=\"elementor-post__title\">\n\t\t\t<a href=\"https:\/\/idemar.cl\/inicio\/inicio-de-funciones-para-el-centro-de-alumno\/\" >\n\t\t\t\tInicio de Funciones para el Centro de Alumno\t\t\t<\/a>\n\t\t<\/h3>\n\t\t\t\t<div class=\"elementor-post__excerpt\">\n\t\t\t<p>Esta ma\u00f1ana, el Centro de Alumnos sostuvo un desayuno protocolar junto al equipo directivo de #IDEMAR, en el marco del inicio de sus funciones como<\/p>\n\t\t<\/div>\n\t\t\n\t\t<a class=\"elementor-post__read-more\" href=\"https:\/\/idemar.cl\/inicio\/inicio-de-funciones-para-el-centro-de-alumno\/\" aria-label=\"Read more about Inicio de Funciones para el Centro de Alumno\" tabindex=\"-1\" >\n\t\t\tLeer m\u00e1s \u00bb\t\t<\/a>\n\n\t\t\t\t<\/div>\n\t\t\t\t<div class=\"elementor-post__meta-data\">\n\t\t\t\t\t<span class=\"elementor-post-date\">\n\t\t\t29\/04\/2026\t\t<\/span>\n\t\t\t\t<span class=\"elementor-post-avatar\">\n\t\t\tSin Comentarios\t\t<\/span>\n\t\t\t\t<\/div>\n\t\t\t\t\t<\/div>\n\t\t<\/article>\n\t\t\t\t<article class=\"elementor-post elementor-grid-item post-4107 post type-post status-publish format-standard has-post-thumbnail hentry category-logros-y-reconocimientos\">\n\t\t\t<div class=\"elementor-post__card\">\n\t\t\t\t<a class=\"elementor-post__thumbnail__link\" href=\"https:\/\/idemar.cl\/inicio\/reconocimiento-profesor\/\" tabindex=\"-1\" ><div class=\"elementor-post__thumbnail\"><img loading=\"lazy\" decoding=\"async\" width=\"334\" height=\"168\" src=\"https:\/\/idemar.cl\/inicio\/wp-content\/uploads\/2026\/04\/Captura-de-pantalla-2026-04-30-114324.png\" class=\"attachment-medium size-medium wp-image-4110\" alt=\"\" \/><\/div><\/a>\n\t\t\t\t<div class=\"elementor-post__badge\">Logros y Reconocimientos<\/div>\n\t\t\t\t<div class=\"elementor-post__text\">\n\t\t\t\t<h3 class=\"elementor-post__title\">\n\t\t\t<a href=\"https:\/\/idemar.cl\/inicio\/reconocimiento-profesor\/\" >\n\t\t\t\tReconocimiento al Profesor de M\u00fasica\t\t\t<\/a>\n\t\t<\/h3>\n\t\t\t\t<div class=\"elementor-post__excerpt\">\n\t\t\t<p>Orgullo #IDEMARCon gran alegr\u00eda queremos reconocer y felicitar a nuestro profesor de m\u00fasica, Gonzalo Berm\u00fadez, por su destacada participaci\u00f3n en el encuentro folcl\u00f3rico nacional Cuecas<\/p>\n\t\t<\/div>\n\t\t\n\t\t<a class=\"elementor-post__read-more\" href=\"https:\/\/idemar.cl\/inicio\/reconocimiento-profesor\/\" aria-label=\"Read more about Reconocimiento al Profesor de M\u00fasica\" tabindex=\"-1\" >\n\t\t\tLeer m\u00e1s \u00bb\t\t<\/a>\n\n\t\t\t\t<\/div>\n\t\t\t\t<div class=\"elementor-post__meta-data\">\n\t\t\t\t\t<span class=\"elementor-post-date\">\n\t\t\t28\/04\/2026\t\t<\/span>\n\t\t\t\t<span class=\"elementor-post-avatar\">\n\t\t\tSin Comentarios\t\t<\/span>\n\t\t\t\t<\/div>\n\t\t\t\t\t<\/div>\n\t\t<\/article>\n\t\t\t\t<\/div>\n\t\t\n\t\t\t\t<\/div>\n\t\t\t\t<\/div>\n\t\t\t\t<div class=\"elementor-element elementor-element-718bf9c elementor-align-center elementor-widget elementor-widget-button\" data-id=\"718bf9c\" data-element_type=\"widget\" data-widget_type=\"button.default\">\n\t\t\t\t<div class=\"elementor-widget-container\">\n\t\t\t\t\t<div class=\"elementor-button-wrapper\">\n\t\t\t<a class=\"elementor-button elementor-button-link elementor-size-sm elementor-animation-shrink\" href=\"https:\/\/idemar.cl\/inicio\/noticias\/\">\n\t\t\t\t\t\t<span class=\"elementor-button-content-wrapper\">\n\t\t\t\t\t\t<span class=\"elementor-button-text\">Haz clic aqu\u00ed para m\u00e1s noticias<\/span>\n\t\t<\/span>\n\t\t\t\t\t<\/a>\n\t\t<\/div>\n\t\t\t\t<\/div>\n\t\t\t\t<\/div>\n\t\t\t\t\t<\/div>\n\t\t<\/div>\n\t\t\t\t\t<\/div>\n\t\t<\/section>\n\t\t\t\t<\/div>\n\t\t","protected":false},"excerpt":{"rendered":"<p>Elaboraci\u00f3n Industrial de Alimentos La especialidad Elaboraci\u00f3n Industrial de Alimentos, impartida desde el a\u00f1o 2004 en el Instituto del Mar, prepara un Profesional T\u00e9cnico de Nivel Medio que cuenta con una s\u00f3lida formaci\u00f3n en higiene, manipulaci\u00f3n y elaboraci\u00f3n de alimentos, aseguramiento de la calidad, control y supervisi\u00f3n de procesos, manejo de equipos y herramientas que [&hellip;]<\/p>\n","protected":false},"author":1,"featured_media":0,"parent":0,"menu_order":0,"comment_status":"closed","ping_status":"closed","template":"elementor_header_footer","meta":{"footnotes":""},"class_list":["post-440","page","type-page","status-publish","hentry"],"_links":{"self":[{"href":"https:\/\/idemar.cl\/inicio\/wp-json\/wp\/v2\/pages\/440","targetHints":{"allow":["GET"]}}],"collection":[{"href":"https:\/\/idemar.cl\/inicio\/wp-json\/wp\/v2\/pages"}],"about":[{"href":"https:\/\/idemar.cl\/inicio\/wp-json\/wp\/v2\/types\/page"}],"author":[{"embeddable":true,"href":"https:\/\/idemar.cl\/inicio\/wp-json\/wp\/v2\/users\/1"}],"replies":[{"embeddable":true,"href":"https:\/\/idemar.cl\/inicio\/wp-json\/wp\/v2\/comments?post=440"}],"version-history":[{"count":40,"href":"https:\/\/idemar.cl\/inicio\/wp-json\/wp\/v2\/pages\/440\/revisions"}],"predecessor-version":[{"id":2042,"href":"https:\/\/idemar.cl\/inicio\/wp-json\/wp\/v2\/pages\/440\/revisions\/2042"}],"wp:attachment":[{"href":"https:\/\/idemar.cl\/inicio\/wp-json\/wp\/v2\/media?parent=440"}],"curies":[{"name":"wp","href":"https:\/\/api.w.org\/{rel}","templated":true}]}}