{"id":434,"date":"2022-12-07T16:42:48","date_gmt":"2022-12-07T16:42:48","guid":{"rendered":"https:\/\/idemar.cl\/inicio\/Inicio\/?page_id=434"},"modified":"2023-09-04T11:49:42","modified_gmt":"2023-09-04T15:49:42","slug":"acuicultura","status":"publish","type":"page","link":"https:\/\/idemar.cl\/inicio\/acuicultura\/","title":{"rendered":"Acuicultura"},"content":{"rendered":"\t\t<div data-elementor-type=\"wp-page\" data-elementor-id=\"434\" class=\"elementor elementor-434\" data-elementor-post-type=\"page\">\n\t\t\t\t\t\t<section class=\"elementor-section elementor-top-section elementor-element elementor-element-b4a2779 elementor-section-stretched elementor-section-height-min-height elementor-section-items-bottom elementor-reverse-mobile elementor-section-boxed elementor-section-height-default\" data-id=\"b4a2779\" data-element_type=\"section\" data-settings=\"{&quot;stretch_section&quot;:&quot;section-stretched&quot;,&quot;background_background&quot;:&quot;classic&quot;}\">\n\t\t\t\t\t\t<div class=\"elementor-container elementor-column-gap-default\">\n\t\t\t\t\t<div class=\"elementor-column elementor-col-50 elementor-top-column elementor-element elementor-element-a882fb5\" data-id=\"a882fb5\" data-element_type=\"column\" data-settings=\"{&quot;background_background&quot;:&quot;classic&quot;}\">\n\t\t\t<div class=\"elementor-widget-wrap elementor-element-populated\">\n\t\t\t\t\t\t<div class=\"elementor-element elementor-element-6fb3a4e elementor-widget elementor-widget-heading\" data-id=\"6fb3a4e\" data-element_type=\"widget\" data-widget_type=\"heading.default\">\n\t\t\t\t<div class=\"elementor-widget-container\">\n\t\t\t<style>\/*! elementor - v3.20.0 - 26-03-2024 *\/\n.elementor-heading-title{padding:0;margin:0;line-height:1}.elementor-widget-heading .elementor-heading-title[class*=elementor-size-]>a{color:inherit;font-size:inherit;line-height:inherit}.elementor-widget-heading .elementor-heading-title.elementor-size-small{font-size:15px}.elementor-widget-heading .elementor-heading-title.elementor-size-medium{font-size:19px}.elementor-widget-heading .elementor-heading-title.elementor-size-large{font-size:29px}.elementor-widget-heading .elementor-heading-title.elementor-size-xl{font-size:39px}.elementor-widget-heading .elementor-heading-title.elementor-size-xxl{font-size:59px}<\/style><h2 class=\"elementor-heading-title elementor-size-default\">Acuicultura<\/h2>\t\t<\/div>\n\t\t\t\t<\/div>\n\t\t\t\t\t<\/div>\n\t\t<\/div>\n\t\t\t\t<div class=\"elementor-column elementor-col-50 elementor-top-column elementor-element elementor-element-5ed4153\" data-id=\"5ed4153\" data-element_type=\"column\">\n\t\t\t<div class=\"elementor-widget-wrap\">\n\t\t\t\t\t\t\t<\/div>\n\t\t<\/div>\n\t\t\t\t\t<\/div>\n\t\t<\/section>\n\t\t\t\t<section class=\"elementor-section elementor-top-section elementor-element elementor-element-b603e73 elementor-section-boxed elementor-section-height-default elementor-section-height-default\" data-id=\"b603e73\" data-element_type=\"section\">\n\t\t\t\t\t\t<div class=\"elementor-container elementor-column-gap-default\">\n\t\t\t\t\t<div class=\"elementor-column elementor-col-50 elementor-top-column elementor-element elementor-element-f679f89\" data-id=\"f679f89\" data-element_type=\"column\">\n\t\t\t<div class=\"elementor-widget-wrap elementor-element-populated\">\n\t\t\t\t\t\t<div class=\"elementor-element elementor-element-17d476d elementor-widget elementor-widget-text-editor\" data-id=\"17d476d\" data-element_type=\"widget\" data-widget_type=\"text-editor.default\">\n\t\t\t\t<div class=\"elementor-widget-container\">\n\t\t\t<style>\/*! elementor - v3.20.0 - 26-03-2024 *\/\n.elementor-widget-text-editor.elementor-drop-cap-view-stacked .elementor-drop-cap{background-color:#69727d;color:#fff}.elementor-widget-text-editor.elementor-drop-cap-view-framed .elementor-drop-cap{color:#69727d;border:3px solid;background-color:transparent}.elementor-widget-text-editor:not(.elementor-drop-cap-view-default) .elementor-drop-cap{margin-top:8px}.elementor-widget-text-editor:not(.elementor-drop-cap-view-default) .elementor-drop-cap-letter{width:1em;height:1em}.elementor-widget-text-editor .elementor-drop-cap{float:left;text-align:center;line-height:1;font-size:50px}.elementor-widget-text-editor .elementor-drop-cap-letter{display:inline-block}<\/style>\t\t\t\t<p><span style=\"font-weight: 400;\">La especialidad de Acuicultura tiene sus inicios, junto con el Instituto del Mar desde el a\u00f1o 1988, per\u00edodo que coincide con el crecimiento y consolidaci\u00f3n de la actividad acu\u00edcola en la regi\u00f3n. Contempla la obtenci\u00f3n del t\u00edtulo T\u00e9cnico de Nivel Medio en Acuicultura.<\/span><\/p>\n<p><span style=\"font-weight: 400;\">La preparaci\u00f3n de los estudiantes se orienta al desarrollo de capacidades que permitan el desempe\u00f1o laboral en el \u00e1rea de cultivo de peces, moluscos y algas.&nbsp;<\/span><\/p>\n<p><span style=\"font-weight: 400;\">El objetivo de la especialidad es egresar t\u00e9cnicos profesionales capaces de desarrollar cultivos hidrobiol\u00f3gicos, comprender la din\u00e1mica de las poblaciones y su interacci\u00f3n con el ecosistema acu\u00e1tico, ser conscientes de las necesidades de los seres vivos y el procesamiento seguro y de calidad para los consumidores.&nbsp;<\/span><\/p>\n<p><span style=\"font-weight: 400;\">Tambi\u00e9n es importante se\u00f1alar que la especialidad funciona bajo la modalidad dual, que consiste en que los alumnos alternan los espacios de aprendizaje en la empresa y en el liceo.&nbsp;<\/span><\/p>\n<p><span style=\"font-weight: 400;\">Los centros de pr\u00e1ctica, generalmente, son: centros de cultivo de salmones, tanto de agua dulce como de engorda en el mar, centro de cultivos de moluscos, laboratorios de servicios acu\u00edcolas, plantas de proceso de materias.<\/span><\/p>\t\t\t\t\t\t<\/div>\n\t\t\t\t<\/div>\n\t\t\t\t\t<\/div>\n\t\t<\/div>\n\t\t\t\t<div class=\"elementor-column elementor-col-50 elementor-top-column elementor-element elementor-element-e066bd7\" data-id=\"e066bd7\" data-element_type=\"column\">\n\t\t\t<div class=\"elementor-widget-wrap elementor-element-populated\">\n\t\t\t\t\t\t<div class=\"elementor-element elementor-element-4acc5cb elementor-widget elementor-widget-image\" data-id=\"4acc5cb\" data-element_type=\"widget\" data-widget_type=\"image.default\">\n\t\t\t\t<div class=\"elementor-widget-container\">\n\t\t\t<style>\/*! elementor - v3.20.0 - 26-03-2024 *\/\n.elementor-widget-image{text-align:center}.elementor-widget-image a{display:inline-block}.elementor-widget-image a img[src$=\".svg\"]{width:48px}.elementor-widget-image img{vertical-align:middle;display:inline-block}<\/style>\t\t\t\t\t\t\t\t\t\t<img fetchpriority=\"high\" decoding=\"async\" width=\"800\" height=\"800\" src=\"https:\/\/idemar.cl\/inicio\/wp-content\/uploads\/2022\/12\/agricultura-idemar.jpeg\" class=\"attachment-large size-large wp-image-52\" alt=\"Agricultura-idemar.\" srcset=\"https:\/\/idemar.cl\/inicio\/wp-content\/uploads\/2022\/12\/agricultura-idemar.jpeg 2048w, https:\/\/idemar.cl\/inicio\/wp-content\/uploads\/2022\/12\/agricultura-idemar-500x500.jpeg 500w, https:\/\/idemar.cl\/inicio\/wp-content\/uploads\/2022\/12\/agricultura-idemar-300x300.jpeg 300w, https:\/\/idemar.cl\/inicio\/wp-content\/uploads\/2022\/12\/agricultura-idemar-768x768.jpeg 768w, https:\/\/idemar.cl\/inicio\/wp-content\/uploads\/2022\/12\/agricultura-idemar-1536x1536.jpeg 1536w\" sizes=\"(max-width: 800px) 100vw, 800px\" \/>\t\t\t\t\t\t\t\t\t\t\t\t\t<\/div>\n\t\t\t\t<\/div>\n\t\t\t\t\t<\/div>\n\t\t<\/div>\n\t\t\t\t\t<\/div>\n\t\t<\/section>\n\t\t\t\t<section class=\"elementor-section elementor-top-section elementor-element elementor-element-6e0a9f2 elementor-section-boxed elementor-section-height-default elementor-section-height-default\" data-id=\"6e0a9f2\" data-element_type=\"section\">\n\t\t\t\t\t\t<div class=\"elementor-container elementor-column-gap-default\">\n\t\t\t\t\t<div class=\"elementor-column elementor-col-100 elementor-top-column elementor-element elementor-element-e3b3b61\" data-id=\"e3b3b61\" data-element_type=\"column\">\n\t\t\t<div class=\"elementor-widget-wrap elementor-element-populated\">\n\t\t\t\t\t\t<div class=\"elementor-element elementor-element-9557495 elementor-widget elementor-widget-shortcode\" data-id=\"9557495\" data-element_type=\"widget\" data-widget_type=\"shortcode.default\">\n\t\t\t\t<div class=\"elementor-widget-container\">\n\t\t\t\t\t<div class=\"elementor-shortcode\"><iframe width='853' height='480' src='https:\/\/my.matterport.com\/show\/?m=8jex1Ju5wha' frameborder='0' allowfullscreen allow='xr-spatial-tracking'><\/iframe><\/div>\n\t\t\t\t<\/div>\n\t\t\t\t<\/div>\n\t\t\t\t\t<\/div>\n\t\t<\/div>\n\t\t\t\t\t<\/div>\n\t\t<\/section>\n\t\t\t\t<section class=\"elementor-section elementor-top-section elementor-element elementor-element-230d029 elementor-section-full_width elementor-section-content-middle elementor-section-height-default elementor-section-height-default\" data-id=\"230d029\" data-element_type=\"section\">\n\t\t\t\t\t\t<div class=\"elementor-container elementor-column-gap-default\">\n\t\t\t\t\t<div class=\"elementor-column elementor-col-16 elementor-top-column elementor-element elementor-element-bb72bb8 elementor-hidden-mobile\" data-id=\"bb72bb8\" data-element_type=\"column\" data-settings=\"{&quot;background_background&quot;:&quot;classic&quot;}\">\n\t\t\t<div class=\"elementor-widget-wrap\">\n\t\t\t\t\t\t\t<\/div>\n\t\t<\/div>\n\t\t\t\t<div class=\"elementor-column elementor-col-66 elementor-top-column elementor-element elementor-element-ebc71ce\" data-id=\"ebc71ce\" data-element_type=\"column\">\n\t\t\t<div class=\"elementor-widget-wrap elementor-element-populated\">\n\t\t\t\t\t\t<div class=\"elementor-element elementor-element-f39a0f4 elementor-widget elementor-widget-heading\" data-id=\"f39a0f4\" data-element_type=\"widget\" data-widget_type=\"heading.default\">\n\t\t\t\t<div class=\"elementor-widget-container\">\n\t\t\t<h2 class=\"elementor-heading-title elementor-size-default\">Otras especialidades\u00a0<\/h2>\t\t<\/div>\n\t\t\t\t<\/div>\n\t\t\t\t\t<\/div>\n\t\t<\/div>\n\t\t\t\t<div class=\"elementor-column elementor-col-16 elementor-top-column elementor-element elementor-element-8f095b2\" data-id=\"8f095b2\" data-element_type=\"column\">\n\t\t\t<div class=\"elementor-widget-wrap\">\n\t\t\t\t\t\t\t<\/div>\n\t\t<\/div>\n\t\t\t\t\t<\/div>\n\t\t<\/section>\n\t\t\t\t<section class=\"elementor-section elementor-top-section elementor-element elementor-element-fc672ff elementor-section-boxed elementor-section-height-default elementor-section-height-default\" data-id=\"fc672ff\" data-element_type=\"section\">\n\t\t\t\t\t\t<div class=\"elementor-container elementor-column-gap-default\">\n\t\t\t\t\t<div class=\"elementor-column elementor-col-33 elementor-top-column elementor-element elementor-element-cddd6e7\" data-id=\"cddd6e7\" data-element_type=\"column\">\n\t\t\t<div class=\"elementor-widget-wrap elementor-element-populated\">\n\t\t\t\t\t\t<div class=\"elementor-element elementor-element-1aea8b4 elementor-position-left elementor-vertical-align-middle elementor-mobile-position-left elementor-view-default elementor-widget elementor-widget-icon-box\" data-id=\"1aea8b4\" data-element_type=\"widget\" data-widget_type=\"icon-box.default\">\n\t\t\t\t<div class=\"elementor-widget-container\">\n\t\t\t<link rel=\"stylesheet\" href=\"https:\/\/idemar.cl\/inicio\/wp-content\/plugins\/elementor\/assets\/css\/widget-icon-box.min.css\">\t\t<div class=\"elementor-icon-box-wrapper\">\n\t\t\t\t\t\t<div class=\"elementor-icon-box-icon\">\n\t\t\t\t<a href=\"https:\/\/idemar.cl\/inicio\/tripulacion-de-naves-mercantes-y-especiales\/\" class=\"elementor-icon elementor-animation-shrink\" tabindex=\"-1\">\n\t\t\t\t<i aria-hidden=\"true\" class=\"fas fa-anchor\"><\/i>\t\t\t\t<\/a>\n\t\t\t<\/div>\n\t\t\t\t\t\t<div class=\"elementor-icon-box-content\">\n\t\t\t\t<h3 class=\"elementor-icon-box-title\">\n\t\t\t\t\t<a href=\"https:\/\/idemar.cl\/inicio\/tripulacion-de-naves-mercantes-y-especiales\/\" >\n\t\t\t\t\t\tTripulaci\u00f3n de Naves Mercantes y Especiales\t\t\t\t\t<\/a>\n\t\t\t\t<\/h3>\n\t\t\t\t\t\t\t<\/div>\n\t\t<\/div>\n\t\t\t\t<\/div>\n\t\t\t\t<\/div>\n\t\t\t\t\t<\/div>\n\t\t<\/div>\n\t\t\t\t<div class=\"elementor-column elementor-col-33 elementor-top-column elementor-element elementor-element-2865498\" data-id=\"2865498\" data-element_type=\"column\">\n\t\t\t<div class=\"elementor-widget-wrap elementor-element-populated\">\n\t\t\t\t\t\t<div class=\"elementor-element elementor-element-1f78054 elementor-position-left elementor-vertical-align-middle elementor-mobile-position-left elementor-view-default elementor-widget elementor-widget-icon-box\" data-id=\"1f78054\" data-element_type=\"widget\" data-widget_type=\"icon-box.default\">\n\t\t\t\t<div class=\"elementor-widget-container\">\n\t\t\t\t\t<div class=\"elementor-icon-box-wrapper\">\n\t\t\t\t\t\t<div class=\"elementor-icon-box-icon\">\n\t\t\t\t<a href=\"https:\/\/idemar.cl\/inicio\/elaboracion-industrial-de-alimentos\/\" class=\"elementor-icon elementor-animation-\" tabindex=\"-1\">\n\t\t\t\t<i aria-hidden=\"true\" class=\"fas fa-fire-alt\"><\/i>\t\t\t\t<\/a>\n\t\t\t<\/div>\n\t\t\t\t\t\t<div class=\"elementor-icon-box-content\">\n\t\t\t\t<h3 class=\"elementor-icon-box-title\">\n\t\t\t\t\t<a href=\"https:\/\/idemar.cl\/inicio\/elaboracion-industrial-de-alimentos\/\" >\n\t\t\t\t\t\tElaboraci\u00f3n Industrial de Alimentos\t\t\t\t\t<\/a>\n\t\t\t\t<\/h3>\n\t\t\t\t\t\t\t<\/div>\n\t\t<\/div>\n\t\t\t\t<\/div>\n\t\t\t\t<\/div>\n\t\t\t\t\t<\/div>\n\t\t<\/div>\n\t\t\t\t<div class=\"elementor-column elementor-col-33 elementor-top-column elementor-element elementor-element-3bbe8a6\" data-id=\"3bbe8a6\" data-element_type=\"column\">\n\t\t\t<div class=\"elementor-widget-wrap elementor-element-populated\">\n\t\t\t\t\t\t<div class=\"elementor-element elementor-element-9647b61 elementor-position-left elementor-vertical-align-middle elementor-widget__width-auto elementor-mobile-position-left elementor-view-default elementor-widget elementor-widget-icon-box\" data-id=\"9647b61\" data-element_type=\"widget\" data-widget_type=\"icon-box.default\">\n\t\t\t\t<div class=\"elementor-widget-container\">\n\t\t\t\t\t<div class=\"elementor-icon-box-wrapper\">\n\t\t\t\t\t\t<div class=\"elementor-icon-box-icon\">\n\t\t\t\t<a href=\"https:\/\/idemar.cl\/inicio\/electricidad\/\" class=\"elementor-icon elementor-animation-\" tabindex=\"-1\">\n\t\t\t\t<i aria-hidden=\"true\" class=\"fas fa-bolt\"><\/i>\t\t\t\t<\/a>\n\t\t\t<\/div>\n\t\t\t\t\t\t<div class=\"elementor-icon-box-content\">\n\t\t\t\t<h3 class=\"elementor-icon-box-title\">\n\t\t\t\t\t<a href=\"https:\/\/idemar.cl\/inicio\/electricidad\/\" >\n\t\t\t\t\t\tElectricidad\t\t\t\t\t<\/a>\n\t\t\t\t<\/h3>\n\t\t\t\t\t\t\t<\/div>\n\t\t<\/div>\n\t\t\t\t<\/div>\n\t\t\t\t<\/div>\n\t\t\t\t\t<\/div>\n\t\t<\/div>\n\t\t\t\t\t<\/div>\n\t\t<\/section>\n\t\t\t\t<section class=\"elementor-section elementor-top-section elementor-element elementor-element-a977342 elementor-section-full_width elementor-section-height-default elementor-section-height-default\" data-id=\"a977342\" data-element_type=\"section\">\n\t\t\t\t\t\t<div class=\"elementor-container elementor-column-gap-default\">\n\t\t\t\t\t<div class=\"elementor-column elementor-col-16 elementor-top-column elementor-element elementor-element-394ec73 elementor-hidden-mobile\" data-id=\"394ec73\" data-element_type=\"column\" data-settings=\"{&quot;background_background&quot;:&quot;classic&quot;}\">\n\t\t\t<div class=\"elementor-widget-wrap\">\n\t\t\t\t\t\t\t<\/div>\n\t\t<\/div>\n\t\t\t\t<div class=\"elementor-column elementor-col-66 elementor-top-column elementor-element elementor-element-e99646f\" data-id=\"e99646f\" data-element_type=\"column\">\n\t\t\t<div class=\"elementor-widget-wrap elementor-element-populated\">\n\t\t\t\t\t\t<div class=\"elementor-element elementor-element-1def539 elementor-widget elementor-widget-heading\" data-id=\"1def539\" data-element_type=\"widget\" data-widget_type=\"heading.default\">\n\t\t\t\t<div class=\"elementor-widget-container\">\n\t\t\t<h2 class=\"elementor-heading-title elementor-size-default\">Noticias<\/h2>\t\t<\/div>\n\t\t\t\t<\/div>\n\t\t\t\t\t<\/div>\n\t\t<\/div>\n\t\t\t\t<div class=\"elementor-column elementor-col-16 elementor-top-column elementor-element elementor-element-c397166\" data-id=\"c397166\" data-element_type=\"column\">\n\t\t\t<div class=\"elementor-widget-wrap\">\n\t\t\t\t\t\t\t<\/div>\n\t\t<\/div>\n\t\t\t\t\t<\/div>\n\t\t<\/section>\n\t\t\t\t<section class=\"elementor-section elementor-top-section elementor-element elementor-element-d9266ed elementor-section-boxed elementor-section-height-default elementor-section-height-default\" data-id=\"d9266ed\" data-element_type=\"section\">\n\t\t\t\t\t\t<div class=\"elementor-container elementor-column-gap-default\">\n\t\t\t\t\t<div class=\"elementor-column elementor-col-100 elementor-top-column elementor-element elementor-element-278c871\" data-id=\"278c871\" data-element_type=\"column\">\n\t\t\t<div class=\"elementor-widget-wrap elementor-element-populated\">\n\t\t\t\t\t\t<div class=\"elementor-element elementor-element-50cd3f5 elementor-grid-3 elementor-grid-tablet-2 elementor-grid-mobile-1 elementor-posts--thumbnail-top elementor-card-shadow-yes elementor-posts__hover-gradient elementor-widget elementor-widget-posts\" data-id=\"50cd3f5\" data-element_type=\"widget\" data-settings=\"{&quot;cards_columns&quot;:&quot;3&quot;,&quot;cards_columns_tablet&quot;:&quot;2&quot;,&quot;cards_columns_mobile&quot;:&quot;1&quot;,&quot;cards_row_gap&quot;:{&quot;unit&quot;:&quot;px&quot;,&quot;size&quot;:35,&quot;sizes&quot;:[]},&quot;cards_row_gap_tablet&quot;:{&quot;unit&quot;:&quot;px&quot;,&quot;size&quot;:&quot;&quot;,&quot;sizes&quot;:[]},&quot;cards_row_gap_mobile&quot;:{&quot;unit&quot;:&quot;px&quot;,&quot;size&quot;:&quot;&quot;,&quot;sizes&quot;:[]}}\" data-widget_type=\"posts.cards\">\n\t\t\t\t<div class=\"elementor-widget-container\">\n\t\t\t<link rel=\"stylesheet\" href=\"https:\/\/idemar.cl\/inicio\/wp-content\/plugins\/elementor-pro\/assets\/css\/widget-posts.min.css\">\t\t<div class=\"elementor-posts-container elementor-posts elementor-posts--skin-cards elementor-grid\">\n\t\t\t\t<article class=\"elementor-post elementor-grid-item post-3780 post type-post status-publish format-standard has-post-thumbnail hentry category-actividades\">\n\t\t\t<div class=\"elementor-post__card\">\n\t\t\t\t<a class=\"elementor-post__thumbnail__link\" href=\"https:\/\/idemar.cl\/inicio\/idemar-presente-en-experiencia-formativa-en-terreno\/\" tabindex=\"-1\" ><div class=\"elementor-post__thumbnail\"><img decoding=\"async\" width=\"500\" height=\"145\" src=\"https:\/\/idemar.cl\/inicio\/wp-content\/uploads\/2026\/03\/07-2026-500x145.jpg\" class=\"attachment-medium size-medium wp-image-3782\" alt=\"\" srcset=\"https:\/\/idemar.cl\/inicio\/wp-content\/uploads\/2026\/03\/07-2026-500x145.jpg 500w, https:\/\/idemar.cl\/inicio\/wp-content\/uploads\/2026\/03\/07-2026-768x223.jpg 768w, https:\/\/idemar.cl\/inicio\/wp-content\/uploads\/2026\/03\/07-2026-1536x447.jpg 1536w, https:\/\/idemar.cl\/inicio\/wp-content\/uploads\/2026\/03\/07-2026.jpg 1588w\" sizes=\"(max-width: 500px) 100vw, 500px\" \/><\/div><\/a>\n\t\t\t\t<div class=\"elementor-post__badge\">Actividades<\/div>\n\t\t\t\t<div class=\"elementor-post__text\">\n\t\t\t\t<h3 class=\"elementor-post__title\">\n\t\t\t<a href=\"https:\/\/idemar.cl\/inicio\/idemar-presente-en-experiencia-formativa-en-terreno\/\" >\n\t\t\t\t#IDEMAR presente en experiencia formativa en terreno\t\t\t<\/a>\n\t\t<\/h3>\n\t\t\t\t<div class=\"elementor-post__excerpt\">\n\t\t\t<p>#IDEMAR presente en experiencia formativa en terrenoFuimos invitados a ser parte de una valiosa jornada de entrenamiento mar\u00edtimo desarrollada en la bah\u00eda de Chacao, junto<\/p>\n\t\t<\/div>\n\t\t\n\t\t<a class=\"elementor-post__read-more\" href=\"https:\/\/idemar.cl\/inicio\/idemar-presente-en-experiencia-formativa-en-terreno\/\" aria-label=\"Read more about #IDEMAR presente en experiencia formativa en terreno\" tabindex=\"-1\" >\n\t\t\tLeer m\u00e1s \u00bb\t\t<\/a>\n\n\t\t\t\t<\/div>\n\t\t\t\t<div class=\"elementor-post__meta-data\">\n\t\t\t\t\t<span class=\"elementor-post-date\">\n\t\t\t31\/03\/2026\t\t<\/span>\n\t\t\t\t<span class=\"elementor-post-avatar\">\n\t\t\tSin Comentarios\t\t<\/span>\n\t\t\t\t<\/div>\n\t\t\t\t\t<\/div>\n\t\t<\/article>\n\t\t\t\t<article class=\"elementor-post elementor-grid-item post-3773 post type-post status-publish format-standard has-post-thumbnail hentry category-actividades\">\n\t\t\t<div class=\"elementor-post__card\">\n\t\t\t\t<a class=\"elementor-post__thumbnail__link\" href=\"https:\/\/idemar.cl\/inicio\/trabajo-colaborativo-por-el-bienestar-de-nuestros-estudiantes-idemar\/\" tabindex=\"-1\" ><div class=\"elementor-post__thumbnail\"><img decoding=\"async\" width=\"500\" height=\"214\" src=\"https:\/\/idemar.cl\/inicio\/wp-content\/uploads\/2026\/03\/06-2026-500x214.jpg\" class=\"attachment-medium size-medium wp-image-3775\" alt=\"\" srcset=\"https:\/\/idemar.cl\/inicio\/wp-content\/uploads\/2026\/03\/06-2026-500x214.jpg 500w, https:\/\/idemar.cl\/inicio\/wp-content\/uploads\/2026\/03\/06-2026-768x329.jpg 768w, https:\/\/idemar.cl\/inicio\/wp-content\/uploads\/2026\/03\/06-2026-1536x659.jpg 1536w, https:\/\/idemar.cl\/inicio\/wp-content\/uploads\/2026\/03\/06-2026.jpg 1628w\" sizes=\"(max-width: 500px) 100vw, 500px\" \/><\/div><\/a>\n\t\t\t\t<div class=\"elementor-post__badge\">Actividades<\/div>\n\t\t\t\t<div class=\"elementor-post__text\">\n\t\t\t\t<h3 class=\"elementor-post__title\">\n\t\t\t<a href=\"https:\/\/idemar.cl\/inicio\/trabajo-colaborativo-por-el-bienestar-de-nuestros-estudiantes-idemar\/\" >\n\t\t\t\tTrabajo colaborativo por el bienestar de nuestros estudiantes #IDEMAR\t\t\t<\/a>\n\t\t<\/h3>\n\t\t\t\t<div class=\"elementor-post__excerpt\">\n\t\t\t<p>Trabajo colaborativo por el bienestar de nuestros estudiantes #IDEMAREsta ma\u00f1ana, el equipo directivo de IDEMAR sostuvo una reuni\u00f3n con la Directora del CESFAM de Chonchi,<\/p>\n\t\t<\/div>\n\t\t\n\t\t<a class=\"elementor-post__read-more\" href=\"https:\/\/idemar.cl\/inicio\/trabajo-colaborativo-por-el-bienestar-de-nuestros-estudiantes-idemar\/\" aria-label=\"Read more about Trabajo colaborativo por el bienestar de nuestros estudiantes #IDEMAR\" tabindex=\"-1\" >\n\t\t\tLeer m\u00e1s \u00bb\t\t<\/a>\n\n\t\t\t\t<\/div>\n\t\t\t\t<div class=\"elementor-post__meta-data\">\n\t\t\t\t\t<span class=\"elementor-post-date\">\n\t\t\t31\/03\/2026\t\t<\/span>\n\t\t\t\t<span class=\"elementor-post-avatar\">\n\t\t\tSin Comentarios\t\t<\/span>\n\t\t\t\t<\/div>\n\t\t\t\t\t<\/div>\n\t\t<\/article>\n\t\t\t\t<article class=\"elementor-post elementor-grid-item post-3766 post type-post status-publish format-standard has-post-thumbnail hentry category-actividades\">\n\t\t\t<div class=\"elementor-post__card\">\n\t\t\t\t<a class=\"elementor-post__thumbnail__link\" href=\"https:\/\/idemar.cl\/inicio\/idemar-presente-en-aquasur-2026\/\" tabindex=\"-1\" ><div class=\"elementor-post__thumbnail\"><img loading=\"lazy\" decoding=\"async\" width=\"500\" height=\"180\" src=\"https:\/\/idemar.cl\/inicio\/wp-content\/uploads\/2026\/03\/05-2026-500x180.jpg\" class=\"attachment-medium size-medium wp-image-3768\" alt=\"\" srcset=\"https:\/\/idemar.cl\/inicio\/wp-content\/uploads\/2026\/03\/05-2026-500x180.jpg 500w, https:\/\/idemar.cl\/inicio\/wp-content\/uploads\/2026\/03\/05-2026-768x277.jpg 768w, https:\/\/idemar.cl\/inicio\/wp-content\/uploads\/2026\/03\/05-2026.jpg 1044w\" sizes=\"(max-width: 500px) 100vw, 500px\" \/><\/div><\/a>\n\t\t\t\t<div class=\"elementor-post__badge\">Actividades<\/div>\n\t\t\t\t<div class=\"elementor-post__text\">\n\t\t\t\t<h3 class=\"elementor-post__title\">\n\t\t\t<a href=\"https:\/\/idemar.cl\/inicio\/idemar-presente-en-aquasur-2026\/\" >\n\t\t\t\t#IDEMAR presente en #AQUASUR 2026\t\t\t<\/a>\n\t\t<\/h3>\n\t\t\t\t<div class=\"elementor-post__excerpt\">\n\t\t\t<p>#IDEMAR presente en #AQUASUR 2026Nuestra delegaci\u00f3n de la especialidad de Acuicultura participa activamente en esta importante feria internacional, fortaleciendo aprendizajes, v\u00ednculos con la industria y<\/p>\n\t\t<\/div>\n\t\t\n\t\t<a class=\"elementor-post__read-more\" href=\"https:\/\/idemar.cl\/inicio\/idemar-presente-en-aquasur-2026\/\" aria-label=\"Read more about #IDEMAR presente en #AQUASUR 2026\" tabindex=\"-1\" >\n\t\t\tLeer m\u00e1s \u00bb\t\t<\/a>\n\n\t\t\t\t<\/div>\n\t\t\t\t<div class=\"elementor-post__meta-data\">\n\t\t\t\t\t<span class=\"elementor-post-date\">\n\t\t\t31\/03\/2026\t\t<\/span>\n\t\t\t\t<span class=\"elementor-post-avatar\">\n\t\t\tSin Comentarios\t\t<\/span>\n\t\t\t\t<\/div>\n\t\t\t\t\t<\/div>\n\t\t<\/article>\n\t\t\t\t<\/div>\n\t\t\n\t\t\t\t<\/div>\n\t\t\t\t<\/div>\n\t\t\t\t<div class=\"elementor-element elementor-element-29cbb8b elementor-align-center elementor-widget elementor-widget-button\" data-id=\"29cbb8b\" data-element_type=\"widget\" data-widget_type=\"button.default\">\n\t\t\t\t<div class=\"elementor-widget-container\">\n\t\t\t\t\t<div class=\"elementor-button-wrapper\">\n\t\t\t<a class=\"elementor-button elementor-button-link elementor-size-sm elementor-animation-shrink\" href=\"https:\/\/idemar.cl\/inicio\/noticias\/\">\n\t\t\t\t\t\t<span class=\"elementor-button-content-wrapper\">\n\t\t\t\t\t\t<span class=\"elementor-button-text\">Haz clic aqu\u00ed para m\u00e1s noticias<\/span>\n\t\t<\/span>\n\t\t\t\t\t<\/a>\n\t\t<\/div>\n\t\t\t\t<\/div>\n\t\t\t\t<\/div>\n\t\t\t\t\t<\/div>\n\t\t<\/div>\n\t\t\t\t\t<\/div>\n\t\t<\/section>\n\t\t\t\t<\/div>\n\t\t","protected":false},"excerpt":{"rendered":"<p>Acuicultura La especialidad de Acuicultura tiene sus inicios, junto con el Instituto del Mar desde el a\u00f1o 1988, per\u00edodo que coincide con el crecimiento y consolidaci\u00f3n de la actividad acu\u00edcola en la regi\u00f3n. Contempla la obtenci\u00f3n del t\u00edtulo T\u00e9cnico de Nivel Medio en Acuicultura. La preparaci\u00f3n de los estudiantes se orienta al desarrollo de capacidades [&hellip;]<\/p>\n","protected":false},"author":1,"featured_media":0,"parent":0,"menu_order":0,"comment_status":"closed","ping_status":"closed","template":"elementor_header_footer","meta":{"footnotes":""},"class_list":["post-434","page","type-page","status-publish","hentry"],"_links":{"self":[{"href":"https:\/\/idemar.cl\/inicio\/wp-json\/wp\/v2\/pages\/434","targetHints":{"allow":["GET"]}}],"collection":[{"href":"https:\/\/idemar.cl\/inicio\/wp-json\/wp\/v2\/pages"}],"about":[{"href":"https:\/\/idemar.cl\/inicio\/wp-json\/wp\/v2\/types\/page"}],"author":[{"embeddable":true,"href":"https:\/\/idemar.cl\/inicio\/wp-json\/wp\/v2\/users\/1"}],"replies":[{"embeddable":true,"href":"https:\/\/idemar.cl\/inicio\/wp-json\/wp\/v2\/comments?post=434"}],"version-history":[{"count":38,"href":"https:\/\/idemar.cl\/inicio\/wp-json\/wp\/v2\/pages\/434\/revisions"}],"predecessor-version":[{"id":1932,"href":"https:\/\/idemar.cl\/inicio\/wp-json\/wp\/v2\/pages\/434\/revisions\/1932"}],"wp:attachment":[{"href":"https:\/\/idemar.cl\/inicio\/wp-json\/wp\/v2\/media?parent=434"}],"curies":[{"name":"wp","href":"https:\/\/api.w.org\/{rel}","templated":true}]}}